{"id":118,"date":"2025-07-21T21:30:44","date_gmt":"2025-07-21T19:30:44","guid":{"rendered":"https:\/\/aikido-takemusu-50naire.be\/?page_id=118"},"modified":"2025-08-10T22:58:36","modified_gmt":"2025-08-10T20:58:36","slug":"en-savoir-plus","status":"publish","type":"page","link":"https:\/\/aikido-takemusu-50naire.be\/index.php\/en-savoir-plus\/","title":{"rendered":"En savoir plus"},"content":{"rendered":"\n<p class=\"has-text-align-center\"><strong>P\u00e9dagogie appliqu\u00e9e \u00e0 l\u2019A\u00efkido<\/strong><\/p>\n\n\n\n<p><a href=\"https:\/\/www.facebook.com\/matthieu.jeandel.94\" title=\"\">Matthieu Jeandel <\/a><a href=\"https:\/\/www.facebook.com\/matthieu.jeandel.94\" target=\"_blank\" rel=\"noopener\" title=\"\">Aikido <\/a>: \u00ab\u00a0Des outils sp\u00e9cifiques, des consignes, un objectif \u00e0 atteindre (crit\u00e8res de r\u00e9ussite), une facon de faire (crit\u00e8res de r\u00e9alisation) et tout cela en prenant en compte l&rsquo;ouverture des&nbsp;comp\u00e9tences acquises pour une situation plus complexe vers l&rsquo;objectif global de la discipline.\u00a0\u00bb<\/p>\n\n\n\n<p><a href=\"https:\/\/www.facebook.com\/profile.php?id=61578261907703\" target=\"_blank\" rel=\"noopener\" title=\"\">Le dojo p\u00e9dagogique<\/a> : \u00ab\u00a0La p\u00e9dagogie appliqu\u00e9e \u00e0 l\u2019A\u00efkido repose sur une d\u00e9marche structur\u00e9e et coh\u00e9rente, articul\u00e9e autour des \u00e9l\u00e9ments suivants : <\/p>\n\n\n\n<p>Des outils sp\u00e9cifiques, adapt\u00e9s \u00e0 la technique, au niveau des \u00e9l\u00e8ves, et \u00e0 la situation d\u2019apprentissage (exercices, formes de travail, r\u00f4les d\u2019uke\/tori, etc.). <\/p>\n\n\n\n<p>Des consignes pr\u00e9cises, claires et contextualis\u00e9es, pour orienter l\u2019action de l\u2019\u00e9l\u00e8ve et donner du sens \u00e0 la pratique. <\/p>\n\n\n\n<p>Un objectif \u00e0 atteindre, explicit\u00e9 par des crit\u00e8res de r\u00e9ussite : ce que l\u2019on cherche \u00e0 faire, ce qui permettra de dire si l\u2019on a r\u00e9ussi (efficacit\u00e9 de la projection, stabilit\u00e9, contr\u00f4le du partenaire, etc.). <\/p>\n\n\n\n<p>Une fa\u00e7on de faire, d\u00e9crite par des crit\u00e8res de r\u00e9alisation : comment doit s\u2019organiser l\u2019action (posture, distance, timing, fluidit\u00e9, intention, etc.). <\/p>\n\n\n\n<p>Une ouverture sur une complexification progressive de la situation, permettant aux comp\u00e9tences acquises de s\u2019articuler dans une situation plus globale, plus proche des exigences finales de la discipline (liens avec randori, kaeshi waza, travail libre, etc.).\u00a0\u00bb<\/p>\n","protected":false},"excerpt":{"rendered":"<p>P\u00e9dagogie appliqu\u00e9e \u00e0 l\u2019A\u00efkido Matthieu Jeandel Aikido : \u00ab\u00a0Des outils sp\u00e9cifiques, des consignes, un objectif \u00e0 atteindre (crit\u00e8res de r\u00e9ussite), une facon de faire (crit\u00e8res de r\u00e9alisation) et tout cela en prenant en compte l&rsquo;ouverture des&nbsp;comp\u00e9tences acquises pour une situation plus complexe vers l&rsquo;objectif global de la discipline.\u00a0\u00bb Le dojo p\u00e9dagogique : \u00ab\u00a0La p\u00e9dagogie appliqu\u00e9e [&hellip;]<\/p>\n","protected":false},"author":1,"featured_media":0,"parent":0,"menu_order":2,"comment_status":"closed","ping_status":"closed","template":"","meta":{"_monsterinsights_skip_tracking":false,"_monsterinsights_sitenote_active":false,"_monsterinsights_sitenote_note":"","_monsterinsights_sitenote_category":0,"footnotes":""},"class_list":["post-118","page","type-page","status-publish","hentry"],"aioseo_notices":[],"_links":{"self":[{"href":"https:\/\/aikido-takemusu-50naire.be\/index.php\/wp-json\/wp\/v2\/pages\/118","targetHints":{"allow":["GET"]}}],"collection":[{"href":"https:\/\/aikido-takemusu-50naire.be\/index.php\/wp-json\/wp\/v2\/pages"}],"about":[{"href":"https:\/\/aikido-takemusu-50naire.be\/index.php\/wp-json\/wp\/v2\/types\/page"}],"author":[{"embeddable":true,"href":"https:\/\/aikido-takemusu-50naire.be\/index.php\/wp-json\/wp\/v2\/users\/1"}],"replies":[{"embeddable":true,"href":"https:\/\/aikido-takemusu-50naire.be\/index.php\/wp-json\/wp\/v2\/comments?post=118"}],"version-history":[{"count":3,"href":"https:\/\/aikido-takemusu-50naire.be\/index.php\/wp-json\/wp\/v2\/pages\/118\/revisions"}],"predecessor-version":[{"id":127,"href":"https:\/\/aikido-takemusu-50naire.be\/index.php\/wp-json\/wp\/v2\/pages\/118\/revisions\/127"}],"wp:attachment":[{"href":"https:\/\/aikido-takemusu-50naire.be\/index.php\/wp-json\/wp\/v2\/media?parent=118"}],"curies":[{"name":"wp","href":"https:\/\/api.w.org\/{rel}","templated":true}]}}